{"id":3938,"date":"2024-05-25T10:45:59","date_gmt":"2024-05-25T08:45:59","guid":{"rendered":"https:\/\/sochin-ryu-kobudo.com\/blog\/"},"modified":"2026-01-03T21:29:26","modified_gmt":"2026-01-03T20:29:26","slug":"blog","status":"publish","type":"page","link":"https:\/\/sochin-ryu-kobudo.com\/es\/blog\/","title":{"rendered":"Blog"},"content":{"rendered":"<p>[et_pb_section fb_built=\u00bb1&#8243; _builder_version=\u00bb4.25.1&#8243; _module_preset=\u00bbdefault\u00bb global_colors_info=\u00bb{}\u00bb][et_pb_row _builder_version=\u00bb4.26.0&#8243; _module_preset=\u00bbdefault\u00bb hover_enabled=\u00bb0&#8243; global_colors_info=\u00bb{}\u00bb sticky_enabled=\u00bb0&#8243;][et_pb_column type=\u00bb4_4&#8243; _builder_version=\u00bb4.26.0&#8243; _module_preset=\u00bbdefault\u00bb global_colors_info=\u00bb{}\u00bb][et_pb_text _builder_version=\u00bb4.27.0&#8243; _module_preset=\u00bbdefault\u00bb hover_enabled=\u00bb0&#8243; global_colors_info=\u00bb{}\u00bb sticky_enabled=\u00bb0&#8243;]<\/p>\n<h1>Blog sobre Kobudo<\/h1>\n<p>\u00a1Bienvenido a nuestro blog! Aqu\u00ed encontrar\u00e1 art\u00edculos interesantes e informativos sobre el mundo del Kobudo. Sum\u00e9rjase en el arte marcial tradicional japon\u00e9s y aprenda a utilizar armas como la kama y la tonfa. Insp\u00edrese con nuestros m\u00e9todos de entrenamiento y descubra la diversidad del <a href=\"https:\/\/sochin-ryu-kobudo.com\/bo-der-langstock\/\" data-wpil-monitor-id=\"20\">Kobudo<\/a>. Tanto si es principiante como un artista marcial experimentado, nuestro blog ofrece informaci\u00f3n valiosa y consejos pr\u00e1cticos para todos.    <\/p>\n<p>\u00a1Que disfrute de la lectura y el entrenamiento!<\/p>\n<p>[\/et_pb_text][\/et_pb_column][\/et_pb_row][et_pb_row column_structure=\u00bb1_2,1_2&#8243; _builder_version=\u00bb4.25.1&#8243; _module_preset=\u00bbdefault\u00bb global_colors_info=\u00bb{}\u00bb][et_pb_column type=\u00bb1_2&#8243; _builder_version=\u00bb4.25.1&#8243; _module_preset=\u00bbdefault\u00bb global_colors_info=\u00bb{}\u00bb][et_pb_blog fullwidth=\u00bboff\u00bb excerpt_length=\u00bb100&#8243; _builder_version=\u00bb4.25.1&#8243; _module_preset=\u00bbdefault\u00bb global_colors_info=\u00bb{}\u00bb][\/et_pb_blog][\/et_pb_column][et_pb_column type=\u00bb1_2&#8243; _builder_version=\u00bb4.25.1&#8243; _module_preset=\u00bbdefault\u00bb global_colors_info=\u00bb{}\u00bb][et_pb_sidebar area=\u00bbet_pb_widget_area_1&#8243; _builder_version=\u00bb4.25.1&#8243; _module_preset=\u00bbdefault\u00bb global_colors_info=\u00bb{}\u00bb][\/et_pb_sidebar][\/et_pb_column][\/et_pb_row][\/et_pb_section][et_pb_section fb_built=\u00bb1&#8243; _builder_version=\u00bb4.20.0&#8243; _module_preset=\u00bbdefault\u00bb global_colors_info=\u00bb{}\u00bb][et_pb_row column_structure=\u00bb1_2,1_2&#8243; custom_padding_last_edited=\u00bboff|desktop\u00bb padding_top_bottom_link_2=\u00bbtrue\u00bb padding_left_right_link_2=\u00bbtrue\u00bb _builder_version=\u00bb4.25.0&#8243; background_image=\u00bbhttps:\/\/sochin-ryu-kobudo.com\/wp-content\/uploads\/2024\/04\/HPL_0273-scaled.jpg\u00bb background_size=\u00bbcontain\u00bb transform_scale_tablet=\u00bb\u00bb transform_scale_phone=\u00bb\u00bb transform_scale_last_edited=\u00bbon|desktop\u00bb transform_translate_tablet=\u00bb\u00bb transform_translate_phone=\u00bb0px|0px\u00bb transform_translate_last_edited=\u00bbon|phone\u00bb transform_translate_linked=\u00bboff\u00bb transform_rotate_tablet=\u00bb\u00bb transform_rotate_phone=\u00bb\u00bb transform_rotate_last_edited=\u00bbon|desktop\u00bb transform_skew_tablet=\u00bb\u00bb transform_skew_phone=\u00bb\u00bb transform_skew_last_edited=\u00bbon|desktop\u00bb transform_origin_tablet=\u00bb\u00bb transform_origin_phone=\u00bb\u00bb transform_origin_last_edited=\u00bbon|desktop\u00bb transform_styles_last_edited=\u00bbon|phone\u00bb width=\u00bb100%\u00bb max_width=\u00bb100%\u00bb module_alignment=\u00bbright\u00bb custom_margin=\u00bb||||false|false\u00bb custom_margin_tablet=\u00bb7vw||\u00bb custom_padding=\u00bb0|0px|0|0px|false|false\u00bb animation_direction=\u00bbleft\u00bb transform_styles_tablet=\u00bb\u00bb transform_styles_phone=\u00bb\u00bb use_custom_width=\u00bbon\u00bb width_unit=\u00bboff\u00bb custom_width_percent=\u00bb100%\u00bb global_module=\u00bb78&#8243; saved_tabs=\u00bball\u00bb locked=\u00bboff\u00bb global_colors_info=\u00bb{}\u00bb][et_pb_column type=\u00bb1_2&#8243; _builder_version=\u00bb4.20.0&#8243; background_enable_color=\u00bboff\u00bb background_enable_image=\u00bboff\u00bb custom_padding=\u00bb|||\u00bb custom_padding_tablet=\u00bb40px|||\u00bb custom_padding_phone=\u00bb20px|||\u00bb global_colors_info=\u00bb{}\u00bb padding_phone=\u00bb20px|||\u00bb padding_tablet=\u00bb40px|||\u00bb custom_padding__hover=\u00bb|||\u00bb][\/et_pb_column][et_pb_column type=\u00bb1_2&#8243; _builder_version=\u00bb4.25.0&#8243; background_color=\u00bb#2a2e40&#8243; custom_padding=\u00bb|||\u00bb custom_padding_tablet=\u00bb40px|||\u00bb custom_padding_phone=\u00bb20px|||\u00bb global_colors_info=\u00bb{}\u00bb padding_phone=\u00bb20px|||\u00bb padding_tablet=\u00bb40px|||\u00bb custom_padding__hover=\u00bb|||\u00bb][et_pb_text module_id=\u00bbkontakt\u00bb _builder_version=\u00bb4.24.3&#8243; text_text_color=\u00bb#FFFFFF\u00bb text_font_size=\u00bb16px\u00bb text_line_height=\u00bb2em\u00bb link_text_color=\u00bb#cc955e\u00bb ul_font=\u00bb||||||||\u00bb ol_font=\u00bb||||||||\u00bb header_font=\u00bbOpen Sans||||||||\u00bb header_2_font=\u00bbOpen Sans|||on|||||\u00bb header_2_text_align=\u00bbleft\u00bb header_2_text_color=\u00bb#FFFFFF\u00bb header_2_letter_spacing=\u00bb3px\u00bb header_2_line_height=\u00bb1.8em\u00bb background_layout=\u00bbdark\u00bb max_width=\u00bb80%\u00bb module_alignment=\u00bbcenter\u00bb custom_padding=\u00bb55px||||false|false\u00bb header_2_font_size_tablet=\u00bb\u00bb header_2_font_size_phone=\u00bb20px\u00bb header_2_font_size_last_edited=\u00bbon|phone\u00bb header_2_letter_spacing_tablet=\u00bb3px\u00bb header_2_letter_spacing_last_edited=\u00bboff|desktop\u00bb global_colors_info=\u00bb{}\u00bb header_font_size__hover=\u00bb30px\u00bb header_font_size__hover_enabled=\u00bb30px\u00bb header_letter_spacing__hover=\u00bb0px\u00bb header_letter_spacing__hover_enabled=\u00bb0px\u00bb header_text_shadow_style__hover=\u00bbnone\u00bb header_text_shadow_style__hover_enabled=\u00bbnone\u00bb header_text_shadow_color__hover=\u00bbrgba(0,0,0,0.4)\u00bb header_text_shadow_color__hover_enabled=\u00bbrgba(0,0,0,0.4)\u00bb header_2_font_size__hover=\u00bb26px\u00bb header_2_font_size__hover_enabled=\u00bb26px\u00bb header_2_letter_spacing__hover=\u00bb0px\u00bb header_2_letter_spacing__hover_enabled=\u00bb0px\u00bb header_2_line_height__hover=\u00bb1em\u00bb header_2_line_height__hover_enabled=\u00bb1em\u00bb header_2_text_shadow_style__hover=\u00bbnone\u00bb header_2_text_shadow_style__hover_enabled=\u00bbnone\u00bb header_2_text_shadow_color__hover=\u00bbrgba(0,0,0,0.4)\u00bb header_2_text_shadow_color__hover_enabled=\u00bbrgba(0,0,0,0.4)\u00bb header_3_font_size__hover=\u00bb22px\u00bb header_3_font_size__hover_enabled=\u00bb22px\u00bb header_3_letter_spacing__hover=\u00bb0px\u00bb header_3_letter_spacing__hover_enabled=\u00bb0px\u00bb header_3_line_height__hover=\u00bb1em\u00bb header_3_line_height__hover_enabled=\u00bb1em\u00bb header_3_text_shadow_style__hover=\u00bbnone\u00bb header_3_text_shadow_style__hover_enabled=\u00bbnone\u00bb header_3_text_shadow_color__hover=\u00bbrgba(0,0,0,0.4)\u00bb header_3_text_shadow_color__hover_enabled=\u00bbrgba(0,0,0,0.4)\u00bb header_4_font_size__hover=\u00bb18px\u00bb header_4_font_size__hover_enabled=\u00bb18px\u00bb header_4_letter_spacing__hover=\u00bb0px\u00bb header_4_letter_spacing__hover_enabled=\u00bb0px\u00bb header_4_line_height__hover=\u00bb1em\u00bb header_4_line_height__hover_enabled=\u00bb1em\u00bb header_4_text_shadow_style__hover=\u00bbnone\u00bb header_4_text_shadow_style__hover_enabled=\u00bbnone\u00bb header_4_text_shadow_color__hover=\u00bbrgba(0,0,0,0.4)\u00bb header_4_text_shadow_color__hover_enabled=\u00bbrgba(0,0,0,0.4)\u00bb header_5_font_size__hover=\u00bb16px\u00bb header_5_font_size__hover_enabled=\u00bb16px\u00bb header_5_letter_spacing__hover=\u00bb0px\u00bb header_5_letter_spacing__hover_enabled=\u00bb0px\u00bb header_5_line_height__hover=\u00bb1em\u00bb header_5_line_height__hover_enabled=\u00bb1em\u00bb header_5_text_shadow_style__hover=\u00bbnone\u00bb header_5_text_shadow_style__hover_enabled=\u00bbnone\u00bb header_5_text_shadow_color__hover=\u00bbrgba(0,0,0,0.4)\u00bb header_5_text_shadow_color__hover_enabled=\u00bbrgba(0,0,0,0.4)\u00bb header_6_font_size__hover=\u00bb14px\u00bb header_6_font_size__hover_enabled=\u00bb14px\u00bb header_6_letter_spacing__hover=\u00bb0px\u00bb header_6_letter_spacing__hover_enabled=\u00bb0px\u00bb header_6_line_height__hover=\u00bb1em\u00bb header_6_line_height__hover_enabled=\u00bb1em\u00bb header_6_text_shadow_style__hover=\u00bbnone\u00bb header_6_text_shadow_style__hover_enabled=\u00bbnone\u00bb header_6_text_shadow_color__hover=\u00bbrgba(0,0,0,0.4)\u00bb header_6_text_shadow_color__hover_enabled=\u00bbrgba(0,0,0,0.4)\u00bb]<\/p>\n<h2>\u00bfPreguntas sobre Kobudo o posibilidades de entrenamiento?<\/h2>\n<p>Peter Neuwirth, 5.Dan<br \/>Instructor jefe Austria<br \/><a href=\"https:\/\/sochin-ryu-kobudo.com\/sai-der-dreizack\/\" title=\"Kobudo\" data-wpil-monitor-id=\"43\">Kobudo<\/a> L\u00ednea directa: +43 650 9258966<br \/><a href=\"mailto:office@sochin-ryu-kobudo.com\">office@sochin-ryu-kobudo.com<\/a><\/p>\n<p>O utilice el siguiente formulario de contacto:<\/p>\n<p>[\/et_pb_text][et_pb_contact_form email=\u00bbpeter.neuwirth@tigerkwon.com\u00bb custom_message=\u00bbHa llegado una nueva consulta a trav\u00e9s del sitio web de Tiger Kwon.||et_pb_line_break_holder||Nombre: %%Name%%||et_pb_line_break_holder||Correo electr\u00f3nico: %%Email%%||et_pb_line_break_holder||Mensaje: %%Nachricht%%\u00bb use_redirect=\u00bbon\u00bb redirect_url=\u00bbgracias-formulario de contacto\u00bb success_message=\u00bbMuchas gracias por tu mensaje\u00bb submit_button_text=\u00bbEnviar\u00bb module_id=\u00bbet_pb_contact_form_0&#8243; _builder_version=\u00bb4.22.1&#8243; form_field_background_color=\u00bbrgba(0,0,0,0)\u00bb form_field_text_color=\u00bb#212222&#8243; form_field_custom_padding=\u00bb||||false|false\u00bb title_level=\u00bbh4&#8243; title_font=\u00bbOpen Sans|300||on|||||\u00bb title_text_align=\u00bbleft\u00bb title_text_color=\u00bb#FFFFFF\u00bb title_font_size=\u00bb24px\u00bb title_letter_spacing=\u00bb0.25em\u00bb title_line_height=\u00bb1.8em\u00bb captcha_text_color=\u00bb#FFFFFF\u00bb form_field_font=\u00bbOpen Sans|||on|||||\u00bb form_field_letter_spacing=\u00bb3px\u00bb form_field_line_height=\u00bb1.8em\u00bb custom_button=\u00bbon\u00bb button_text_size=\u00bb16px\u00bb button_text_color=\u00bb#FFFFFF\u00bb button_border_width=\u00bb13px\u00bb button_border_color=\u00bbrgba(0,0,0,0)\u00bb button_border_radius=\u00bb0px\u00bb button_letter_spacing=\u00bb5px\u00bb button_font=\u00bbOpen Sans|500||on|||||\u00bb button_icon=\u00bb&#x24;||divi||400&#8243; button_icon_color=\u00bb#FFFFFF\u00bb text_orientation=\u00bbleft\u00bb max_width=\u00bb80%\u00bb module_alignment=\u00bbcenter\u00bb custom_padding=\u00bb||55px||false|false\u00bb title_font_size_tablet=\u00bb\u00bb title_font_size_phone=\u00bb20px\u00bb title_font_size_last_edited=\u00bbon|phone\u00bb title_letter_spacing_tablet=\u00bb3px\u00bb title_letter_spacing_last_edited=\u00bboff|desktop\u00bb border_width_all=\u00bb1px\u00bb border_color_all=\u00bb#e0e0e0&#8243; border_width_bottom=\u00bb1px\u00bb border_color_bottom=\u00bbrgba(255,255,255,0.6)\u00bb box_shadow_style_button=\u00bbpreset5&#8243; box_shadow_vertical_button=\u00bb0px\u00bb box_shadow_spread_button=\u00bb1px\u00bb box_shadow_color_button=\u00bb#FFFFFF\u00bb form_background_color=\u00bbrgba(0,0,0,0)\u00bb global_colors_info=\u00bb{}\u00bb button_text_color__hover=\u00bb#000000&#8243; button_bg_color__hover=\u00bbrgba(255,255,255,0.2)\u00bb button_border_width__hover=\u00bb2px\u00bb button_bg_color__hover_enabled=\u00bbon|hover\u00bb button_bg_enable_color__hover=\u00bbon\u00bb][et_pb_contact_field field_id=\u00bbName\u00bb field_title=\u00bbNombre\u00bb _builder_version=\u00bb4.21.0&#8243; form_field_text_color=\u00bb#FFFFFF\u00bb custom_margin=\u00bb||40px\u00bb global_colors_info=\u00bb{}\u00bb button_text_size__hover_enabled=\u00bboff\u00bb button_one_text_size__hover_enabled=\u00bboff\u00bb button_two_text_size__hover_enabled=\u00bboff\u00bb button_text_color__hover_enabled=\u00bboff\u00bb button_one_text_color__hover_enabled=\u00bboff\u00bb button_two_text_color__hover_enabled=\u00bboff\u00bb button_border_width__hover_enabled=\u00bboff\u00bb button_one_border_width__hover_enabled=\u00bboff\u00bb button_two_border_width__hover_enabled=\u00bboff\u00bb button_border_color__hover_enabled=\u00bboff\u00bb button_one_border_color__hover_enabled=\u00bboff\u00bb button_two_border_color__hover_enabled=\u00bboff\u00bb button_border_radius__hover_enabled=\u00bboff\u00bb button_one_border_radius__hover_enabled=\u00bboff\u00bb button_two_border_radius__hover_enabled=\u00bboff\u00bb button_letter_spacing__hover_enabled=\u00bboff\u00bb button_one_letter_spacing__hover_enabled=\u00bboff\u00bb button_two_letter_spacing__hover_enabled=\u00bboff\u00bb button_bg_color__hover_enabled=\u00bboff\u00bb button_one_bg_color__hover_enabled=\u00bboff\u00bb button_two_bg_color__hover_enabled=\u00bboff\u00bb][\/et_pb_contact_field][et_pb_contact_field field_id=\u00bbEmail\u00bb field_title=\u00bbCorreo electr\u00f3nico \u00bb field_type=\u00bbemail\u00bb _builder_version=\u00bb4.21.0&#8243; form_field_background_color=\u00bbRGBA(255,255,255,0)\u00bb form_field_text_color=\u00bb#FFFFFF\u00bb form_field_focus_background_color=\u00bbRGBA(255,255,255,0)\u00bb form_field_font=\u00bbOpen Sans|||on|||||\u00bb custom_margin=\u00bb||40px\u00bb global_colors_info=\u00bb{}\u00bb button_text_size__hover_enabled=\u00bboff\u00bb button_one_text_size__hover_enabled=\u00bboff\u00bb button_two_text_size__hover_enabled=\u00bboff\u00bb button_text_color__hover_enabled=\u00bboff\u00bb button_one_text_color__hover_enabled=\u00bboff\u00bb button_two_text_color__hover_enabled=\u00bboff\u00bb button_border_width__hover_enabled=\u00bboff\u00bb button_one_border_width__hover_enabled=\u00bboff\u00bb button_two_border_width__hover_enabled=\u00bboff\u00bb button_border_color__hover_enabled=\u00bboff\u00bb button_one_border_color__hover_enabled=\u00bboff\u00bb button_two_border_color__hover_enabled=\u00bboff\u00bb button_border_radius__hover_enabled=\u00bboff\u00bb button_one_border_radius__hover_enabled=\u00bboff\u00bb button_two_border_radius__hover_enabled=\u00bboff\u00bb button_letter_spacing__hover_enabled=\u00bboff\u00bb button_one_letter_spacing__hover_enabled=\u00bboff\u00bb button_two_letter_spacing__hover_enabled=\u00bboff\u00bb button_bg_color__hover_enabled=\u00bboff\u00bb button_one_bg_color__hover_enabled=\u00bboff\u00bb button_two_bg_color__hover_enabled=\u00bboff\u00bb][\/et_pb_contact_field][et_pb_contact_field field_id=\u00bbNachricht\u00bb field_title=\u00bbMensaje\u00bb field_type=\u00bbtext\u00bb fullwidth_field=\u00bbon\u00bb _builder_version=\u00bb4.21.0&#8243; _module_preset=\u00bbdefault\u00bb form_field_text_color=\u00bb#FFFFFF\u00bb global_colors_info=\u00bb{}\u00bb][\/et_pb_contact_field][\/et_pb_contact_form][\/et_pb_column][\/et_pb_row][\/et_pb_section][et_pb_section fb_built=\u00bb1&#8243; _builder_version=\u00bb4.20.0&#8243; _module_preset=\u00bbdefault\u00bb custom_margin=\u00bb||-50px|||\u00bb custom_padding=\u00bb1px|||||\u00bb saved_tabs=\u00bball\u00bb global_colors_info=\u00bb{}\u00bb][et_pb_row column_structure=\u00bb1_3,1_3,1_3&#8243; make_equal=\u00bbon\u00bb _builder_version=\u00bb4.25.0&#8243; _module_preset=\u00bbdefault\u00bb module_alignment=\u00bbcenter\u00bb custom_margin=\u00bb|313px||auto||\u00bb global_module=\u00bb2809&#8243; global_colors_info=\u00bb{}\u00bb][et_pb_column type=\u00bb1_3&#8243; _builder_version=\u00bb4.21.0&#8243; _module_preset=\u00bbdefault\u00bb global_colors_info=\u00bb{}\u00bb][et_pb_image src=\u00bbhttps:\/\/sochin-ryu-kobudo.com\/wp-content\/uploads\/2024\/04\/Logo_Kampfkunstschule-Tiger-Kwon_grau_RGB.png\u00bb title_text=\u00bbLogo_Kampfkunstschule Tiger Kwon_grau_RGB\u00bb url=\u00bbhttps:\/\/tigerkwon.com\u00bb align=\u00bbcenter\u00bb _builder_version=\u00bb4.25.0&#8243; _module_preset=\u00bbdefault\u00bb max_width=\u00bb70%\u00bb global_colors_info=\u00bb{}\u00bb][\/et_pb_image][et_pb_text disabled_on=\u00bbon|on|on\u00bb _builder_version=\u00bb4.25.0&#8243; _module_preset=\u00bbdefault\u00bb disabled=\u00bbon\u00bb global_colors_info=\u00bb{}\u00bb][\/et_pb_text][\/et_pb_column][et_pb_column type=\u00bb1_3&#8243; _builder_version=\u00bb4.21.0&#8243; _module_preset=\u00bbdefault\u00bb global_colors_info=\u00bb{}\u00bb][et_pb_image src=\u00bbhttps:\/\/sochin-ryu-kobudo.com\/wp-content\/uploads\/2024\/04\/WKBA-Logo_transparenter-Hintergrund.png\u00bb title_text=\u00bbWKBA Logo_transparenter Hintergrund\u00bb align=\u00bbcenter\u00bb _builder_version=\u00bb4.25.0&#8243; _module_preset=\u00bbdefault\u00bb max_width=\u00bb71%\u00bb global_colors_info=\u00bb{}\u00bb][\/et_pb_image][\/et_pb_column][et_pb_column type=\u00bb1_3&#8243; _builder_version=\u00bb4.21.0&#8243; _module_preset=\u00bbdefault\u00bb global_colors_info=\u00bb{}\u00bb][et_pb_code _builder_version=\u00bb4.22.0&#8243; _module_preset=\u00bbdefault\u00bb text_orientation=\u00bbcenter\u00bb global_colors_info=\u00bb{}\u00bb]<a href=\"https:\/\/www.it-recht-kanzlei.de\/\" target=\"_blank\" rel=\"noopener\"><img decoding=\"async\" src=\"https:\/\/www.it-recht-kanzlei.de\/logo\/Logo_Juristisch_betreut_durch_IT-Recht_Kanzlei.png?i=40fb5-27737-39c6-907c-1\" alt=\"Representado por IT-Recht Kanzlei\"><\/a>[\/et_pb_code][\/et_pb_column][\/et_pb_row][\/et_pb_section]<\/p>\n","protected":false},"excerpt":{"rendered":"<p>Blog sobre Kobudo \u00a1Bienvenido a nuestro blog! Aqu\u00ed encontrar\u00e1 art\u00edculos interesantes e informativos sobre el mundo del Kobudo. Sum\u00e9rjase en el arte marcial tradicional japon\u00e9s y aprenda a utilizar armas como la kama y la tonfa. Insp\u00edrese con nuestros m\u00e9todos de entrenamiento y descubra la diversidad del Kobudo. Tanto si es principiante como un artista [&hellip;]<\/p>\n","protected":false},"author":2,"featured_media":3942,"parent":0,"menu_order":0,"comment_status":"closed","ping_status":"closed","template":"","meta":{"_et_pb_use_builder":"on","_et_pb_old_content":"","_et_gb_content_width":"","footnotes":""},"class_list":["post-3938","page","type-page","status-publish","has-post-thumbnail","hentry"],"_links":{"self":[{"href":"https:\/\/sochin-ryu-kobudo.com\/es\/wp-json\/wp\/v2\/pages\/3938","targetHints":{"allow":["GET"]}}],"collection":[{"href":"https:\/\/sochin-ryu-kobudo.com\/es\/wp-json\/wp\/v2\/pages"}],"about":[{"href":"https:\/\/sochin-ryu-kobudo.com\/es\/wp-json\/wp\/v2\/types\/page"}],"author":[{"embeddable":true,"href":"https:\/\/sochin-ryu-kobudo.com\/es\/wp-json\/wp\/v2\/users\/2"}],"replies":[{"embeddable":true,"href":"https:\/\/sochin-ryu-kobudo.com\/es\/wp-json\/wp\/v2\/comments?post=3938"}],"version-history":[{"count":0,"href":"https:\/\/sochin-ryu-kobudo.com\/es\/wp-json\/wp\/v2\/pages\/3938\/revisions"}],"wp:featuredmedia":[{"embeddable":true,"href":"https:\/\/sochin-ryu-kobudo.com\/es\/wp-json\/wp\/v2\/media\/3942"}],"wp:attachment":[{"href":"https:\/\/sochin-ryu-kobudo.com\/es\/wp-json\/wp\/v2\/media?parent=3938"}],"curies":[{"name":"wp","href":"https:\/\/api.w.org\/{rel}","templated":true}]}}